{"id":2785,"date":"2020-08-17T09:39:20","date_gmt":"2020-08-17T09:39:20","guid":{"rendered":"https:\/\/glopak.co.za\/snapdeal\/?post_type=product&#038;p=2785"},"modified":"2020-08-17T12:17:09","modified_gmt":"2020-08-17T12:17:09","slug":"2000-beverage-carbonator","status":"publish","type":"product","link":"https:\/\/glopak.co.za\/snapdeal\/product\/2000-beverage-carbonator\/","title":{"rendered":"2000 Beverage Carbonator"},"content":{"rendered":"<h3>2000CPH Carbonated Beverage Canning Line:<\/h3>\n<p>&nbsp;<\/p>\n<h4><strong>2000 CPH &#8211;<\/strong> <strong>CSD<\/strong><strong> beverage canning line \/ based on a 330ml can<\/strong><\/h4>\n<p>&nbsp;<\/p>\n<table width=\"709\">\n<tbody>\n<tr>\n<td colspan=\"2\" width=\"709\"><strong>Section A \u2013 Liquid Processing, Carbonation, Chilling, CIP (Clean in place)<\/strong><\/td>\n<\/tr>\n<tr>\n<td width=\"520\">Carbonated beverage mixing machine<\/td>\n<td width=\"189\">4T<\/td>\n<\/tr>\n<tr>\n<td width=\"520\">Water chiller<\/td>\n<td width=\"189\">30HP<\/td>\n<\/tr>\n<tr>\n<td width=\"520\">CIP cleaning system (Steam type)<\/td>\n<td width=\"189\">500L<\/td>\n<\/tr>\n<tr>\n<td width=\"520\">CIP back pump<\/td>\n<td width=\"189\">3T\/h<\/td>\n<\/tr>\n<tr>\n<td width=\"520\">Steam boiler \u2013 Diesel type<\/td>\n<td width=\"189\">100kg\/h<\/td>\n<\/tr>\n<tr>\n<td width=\"520\">Connection pipes and fittings<\/td>\n<td width=\"189\">Match<\/td>\n<\/tr>\n<tr>\n<td colspan=\"2\" width=\"709\"><strong>Section B \u2013 Filling &amp; Packaging<\/strong><\/td>\n<\/tr>\n<tr>\n<td width=\"520\">Loading table<\/td>\n<td width=\"189\">2000CPH<\/td>\n<\/tr>\n<tr>\n<td width=\"520\">Can twist conveyor<\/td>\n<td width=\"189\"><\/td>\n<\/tr>\n<tr>\n<td width=\"520\">Can rinsing tunnel<\/p>\n<p>Including water tank, water pump<\/td>\n<td width=\"189\">4000CPH<\/td>\n<\/tr>\n<tr>\n<td width=\"520\">Nitrogen dozer<\/td>\n<td width=\"189\"><\/td>\n<\/tr>\n<tr>\n<td width=\"520\">Filling &amp; sealing machine 12-1<\/td>\n<td width=\"189\">2000CPH<\/td>\n<\/tr>\n<tr>\n<td width=\"520\">Can inverter<\/td>\n<td width=\"189\"><\/td>\n<\/tr>\n<tr>\n<td width=\"520\">Ink jet coding machine<\/td>\n<td width=\"189\">Cartridge type<\/td>\n<\/tr>\n<tr>\n<td width=\"520\">Semi auto shrink wrapper<\/td>\n<td width=\"189\">3-4 packs\/min<\/td>\n<\/tr>\n<tr>\n<td width=\"520\">Conveyor<\/td>\n<td width=\"189\">Plate chain slat<strong>\u00a0\u00a0\u00a0\u00a0\u00a0\u00a0\u00a0\u00a0\u00a0\u00a0\u00a0\u00a0\u00a0\u00a0\u00a0\u00a0\u00a0\u00a0\u00a0\u00a0\u00a0\u00a0\u00a0\u00a0\u00a0\u00a0\u00a0\u00a0\u00a0\u00a0\u00a0\u00a0\u00a0 <\/strong><\/td>\n<\/tr>\n<tr>\n<td width=\"520\">Shrink sleeve heat tunnel<\/td>\n<td width=\"189\">Electric type<\/td>\n<\/tr>\n<tr>\n<td width=\"520\">Change part for different diameter can<\/td>\n<td width=\"189\">Filling &amp; Capping<\/td>\n<\/tr>\n<\/tbody>\n<\/table>\n<p>&nbsp;<\/p>\n<h3>1) Carbonation System (4T)<\/h3>\n<p><img loading=\"lazy\" decoding=\"async\" class=\" wp-image-2803 alignnone\" src=\"https:\/\/glopak.co.za\/snapdeal\/wp-content\/uploads\/2020\/08\/Carbonation-System-2.png\" alt=\"\" width=\"236\" height=\"396\" \/> \u00a0\u00a0\u00a0\u00a0\u00a0 <img loading=\"lazy\" decoding=\"async\" class=\" wp-image-2805 alignnone\" src=\"https:\/\/glopak.co.za\/snapdeal\/wp-content\/uploads\/2020\/08\/Carbonation-System-1.png\" alt=\"\" width=\"277\" height=\"381\" \/><\/p>\n<p>The product is delivered direct from the storage tank to the stainless-steel receiver vessel which contains pump level management systems.<\/p>\n<p>The product is then pumped from this vessel via the progressive cavity pump system, this ensures continues pressure. The product is then received in the carbonating pressure vessel, this vessel contains its own level control system.<\/p>\n<p>Product temperature is closely monitored by its own controller which changes CO2 volumes according to the temperature change. This gives continuity of C02 within the product if a change of temperature occurs.<\/p>\n<p>Before and during carbonation, de. Aeration takes place, removing any air\/oxygen contained in the product.<\/p>\n<p>Pressure vessel manufactured to standard and 3rd Party inspected<\/p>\n<p><img loading=\"lazy\" decoding=\"async\" class=\"aligncenter size-large wp-image-2804\" src=\"https:\/\/glopak.co.za\/snapdeal\/wp-content\/uploads\/2020\/08\/Carbonation-System-3.png\" alt=\"\" width=\"610\" height=\"592\" srcset=\"https:\/\/glopak.co.za\/snapdeal\/wp-content\/uploads\/2020\/08\/Carbonation-System-3.png 610w, https:\/\/glopak.co.za\/snapdeal\/wp-content\/uploads\/2020\/08\/Carbonation-System-3-300x291.png 300w, https:\/\/glopak.co.za\/snapdeal\/wp-content\/uploads\/2020\/08\/Carbonation-System-3-510x495.png 510w\" sizes=\"(max-width: 610px) 100vw, 610px\" \/><\/p>\n<table>\n<tbody>\n<tr>\n<td width=\"340\">Production Capacity<\/td>\n<td width=\"302\">4000 litre per hour<\/td>\n<\/tr>\n<tr>\n<td width=\"340\">Mixing Volume Ratio<\/td>\n<td width=\"302\">3.5 ~3.8<\/td>\n<\/tr>\n<tr>\n<td width=\"340\">Mixing Proportion<\/td>\n<td width=\"302\">3:1 to 6:1<\/td>\n<\/tr>\n<tr>\n<td width=\"340\">Mixture Precision<\/td>\n<td width=\"302\">\u22641.5%<\/td>\n<\/tr>\n<tr>\n<td width=\"340\">Pressure of Compressed air (MPa)<\/td>\n<td width=\"302\">0.6-1<\/td>\n<\/tr>\n<tr>\n<td width=\"340\">Compressed Air Consumption(m\u00b3\/h)<\/td>\n<td width=\"302\">4<\/td>\n<\/tr>\n<tr>\n<td width=\"340\">Pressure of CO\u00b2 (MPa)<\/td>\n<td width=\"302\">0.8-1<\/td>\n<\/tr>\n<tr>\n<td width=\"340\">CO\u00b2 Consumption(m\u00b3\/h)<\/td>\n<td width=\"302\">3.5<\/td>\n<\/tr>\n<tr>\n<td width=\"340\">Pressure of Purified Water(MPa)<\/td>\n<td width=\"302\">0.1-0.2<\/td>\n<\/tr>\n<tr>\n<td width=\"340\">Mixing Temperature(c)<\/td>\n<td width=\"302\">\uff1c4<\/td>\n<\/tr>\n<tr>\n<td width=\"340\">Power Consumption (kw)<\/td>\n<td width=\"302\">2<\/td>\n<\/tr>\n<tr>\n<td width=\"340\">Dimension(L\u00d7W\u00d7H) (mm)<\/td>\n<td width=\"302\">00<\/td>\n<\/tr>\n<tr>\n<td width=\"340\">Net Weight(kg)<\/td>\n<td width=\"302\">1200<\/td>\n<\/tr>\n<tr>\n<td width=\"340\">C02 Volume<\/td>\n<td width=\"302\">Can be adjusted via the regulating valve<\/td>\n<\/tr>\n<\/tbody>\n<\/table>\n<h3>2) Chilling Unit (30HP)<\/h3>\n<p><img loading=\"lazy\" decoding=\"async\" class=\"size-full wp-image-2802 alignnone\" src=\"https:\/\/glopak.co.za\/snapdeal\/wp-content\/uploads\/2020\/08\/Chilling-Unit-1.png\" alt=\"\" width=\"892\" height=\"465\" srcset=\"https:\/\/glopak.co.za\/snapdeal\/wp-content\/uploads\/2020\/08\/Chilling-Unit-1.png 892w, https:\/\/glopak.co.za\/snapdeal\/wp-content\/uploads\/2020\/08\/Chilling-Unit-1-300x156.png 300w, https:\/\/glopak.co.za\/snapdeal\/wp-content\/uploads\/2020\/08\/Chilling-Unit-1-768x400.png 768w, https:\/\/glopak.co.za\/snapdeal\/wp-content\/uploads\/2020\/08\/Chilling-Unit-1-510x266.png 510w\" sizes=\"(max-width: 892px) 100vw, 892px\" \/><\/p>\n<ul>\n<li>Capacity\uff1a74990 KCAL\/H<\/li>\n<li>Current when using:58.5 A<\/li>\n<li>Power :3N~380V\/50HZ<\/li>\n<li>Refrigerant: R22<\/li>\n<li>Compressor type: full block out eddy circle type<\/li>\n<li>Compressor power:11.3\u00d72 KW<\/li>\n<li>Fan capacity\uff1a30000 M3\/H<\/li>\n<li>Water inlet pipe diameter: G2.5inch<\/li>\n<li>Water pump power\uff1a75 KW<\/li>\n<li>Freeze water flowing:15 M3\/H<\/li>\n<li>Total input power\uff1a4 KW<\/li>\n<li>water pump distance\uff1a240 Kpa<\/li>\n<li>Overall dimension: 1960*960*1860\uff08MM\uff09<\/li>\n<li>Weight: 880 KG<\/li>\n<\/ul>\n<h4><strong>Specification<\/strong><\/h4>\n<ul>\n<li>Compressor: Japan Dakin compressor, super-high efficiency, lower noisy, safe and reliable<\/li>\n<li>Japan CKC PROTECTOR<\/li>\n<li>Pump: Taiwan YUANLI big volume backset water pump special used for chiller. PLC interface controller.<\/li>\n<li>Temperature controlled: Taiwan BANGPU digital temperature controller electrical board.<\/li>\n<li>Japan KOBE cooper pipe condensator, evaporator,<\/li>\n<li>American imported Emerson high efficiency filter.<\/li>\n<li>Korea LG contactor, and heat relay.<\/li>\n<li>Danfoss: EXPAND VALVE Throttle controlling.<\/li>\n<\/ul>\n<h3>3) CIP Cleaning System (steam type)<\/h3>\n<h4><strong><img loading=\"lazy\" decoding=\"async\" class=\" wp-image-2800 alignleft\" src=\"https:\/\/glopak.co.za\/snapdeal\/wp-content\/uploads\/2020\/08\/CIP-Cleaning-System.jpg\" alt=\"\" width=\"389\" height=\"246\" \/>CIP cleaning system <\/strong><\/h4>\n<p>The CIP, clean in place equipment is used to clean the pipe system, filling unit, tanks etc.<\/p>\n<p>A centrifugal pump is used in CIP to convey cleaning liquid into the system to force the clean liquid to circulate to make cleaning without taking apart pipes or equipment. With this system, its faster to clean between batches and is a less labour intensive.<\/p>\n<p>The application of the equipment must be combined with the equipment of the workshop pipe collocation and rinsing cap.<\/p>\n<h4><strong>Technical parameters<\/strong><\/h4>\n<ol>\n<li>Working pressure<\/li>\n<li>Container: Liquid cylinder static pressure<\/li>\n<li>Replace heat tube: &lt;0.4MPa<\/li>\n<li>Liquid slot: 60~80\u2103<\/li>\n<li>Clear water slot: indoor temperature<\/li>\n<li>Replace heat tube: &lt;138.8\u2103<\/li>\n<li>Name of material:<\/li>\n<li>Store slot: 0.5% nitric acid liquid, 2% causticity alkali liquid<\/li>\n<li>Replace heat tube: Clear water steam<\/li>\n<li>The whale cubage:<\/li>\n<li>Acid\u3001alkali liquid slot: 1\u00d70.6m3<\/li>\n<li>Washing groove: 0.6m2<\/li>\n<li>Rate of carrier: 80%<\/li>\n<li>Volume type: normal pressure<\/li>\n<li>Washing stage: 2<\/li>\n<li>Washing time for one time: 120min.<\/li>\n<li>Washing process: clean water\u2014alkali liquid-clean water-acid liquid&#8212;clean water<\/li>\n<li>Centrifuge in-out put screw: t55*3<\/li>\n<li>Centrifuge flow volume: 10t\/h<\/li>\n<li>Centrifuge maximum distance: 39<\/li>\n<li>Motor power: 2.2kw 2840rpm<\/li>\n<li>Overall size:<\/li>\n<li>Weight of equipment: 1035kg<\/li>\n<\/ol>\n<h3>4) Oil Fired Steam Boiler (100kg\/hr)<\/h3>\n<h4><img loading=\"lazy\" decoding=\"async\" class=\"wp-image-2799 alignnone\" src=\"https:\/\/glopak.co.za\/snapdeal\/wp-content\/uploads\/2020\/08\/Oil-Fired-Steam-Boiler.png\" alt=\"\" width=\"332\" height=\"727\" \/><\/h4>\n<h4><strong>Technical parameters<\/strong><\/h4>\n<table>\n<tbody>\n<tr>\n<td width=\"265\"><strong>Project<\/strong><\/td>\n<td width=\"132\"><strong>Unit<\/strong><\/td>\n<td width=\"246\"><strong>Specification<\/strong><\/td>\n<\/tr>\n<tr>\n<td width=\"265\">Steam Capacity<\/td>\n<td width=\"132\">Kg\/hr<\/td>\n<td width=\"246\">100<\/td>\n<\/tr>\n<tr>\n<td width=\"265\">Rated working pressure<\/td>\n<td width=\"132\">Mpa<\/td>\n<td width=\"246\">0.7<\/td>\n<\/tr>\n<tr>\n<td width=\"265\">Hydraulic testing pressure<\/td>\n<td width=\"132\">Mpa<\/td>\n<td width=\"246\">1.05<\/td>\n<\/tr>\n<tr>\n<td width=\"265\">Oil consumption<\/td>\n<td width=\"132\">Kg\/h<\/td>\n<td width=\"246\">7<\/td>\n<\/tr>\n<tr>\n<td width=\"265\">Thermal Efficiency<\/td>\n<td width=\"132\">\/<\/td>\n<td width=\"246\">90.5%<\/td>\n<\/tr>\n<tr>\n<td width=\"265\">Water Pump Power<\/td>\n<td width=\"132\">KW<\/td>\n<td width=\"246\">1.1<\/td>\n<\/tr>\n<tr>\n<td width=\"265\">Power Supply<\/td>\n<td width=\"132\">\/<\/td>\n<td width=\"246\">380V\/50Hz<\/td>\n<\/tr>\n<tr>\n<td width=\"265\">Saturated steam temperature<\/td>\n<td width=\"132\">\u00b0C<\/td>\n<td width=\"246\">170<\/td>\n<\/tr>\n<tr>\n<td width=\"265\">Main steam valve diameter<\/td>\n<td width=\"132\">DN<\/td>\n<td width=\"246\">40<\/td>\n<\/tr>\n<tr>\n<td width=\"265\">Safety valve diameter<\/td>\n<td width=\"132\">DN<\/td>\n<td width=\"246\">40<\/td>\n<\/tr>\n<tr>\n<td width=\"265\">Infall diameter<\/td>\n<td width=\"132\">DN<\/td>\n<td width=\"246\">25<\/td>\n<\/tr>\n<tr>\n<td width=\"265\">Sewage valve diameter<\/td>\n<td width=\"132\">DN<\/td>\n<td width=\"246\">40<\/td>\n<\/tr>\n<tr>\n<td width=\"265\">Overall dimension L*W*H)<\/td>\n<td width=\"132\">mm<\/td>\n<td width=\"246\">1200*1200*1650<\/td>\n<\/tr>\n<tr>\n<td width=\"265\">Weight<\/td>\n<td width=\"132\">kg<\/td>\n<td width=\"246\">800<\/td>\n<\/tr>\n<\/tbody>\n<\/table>\n<h3>5) Loading Table<\/h3>\n<h4><strong>Size:1M length *0.6M width<\/strong><\/h4>\n<p><img loading=\"lazy\" decoding=\"async\" class=\" wp-image-2798 alignnone\" src=\"https:\/\/glopak.co.za\/snapdeal\/wp-content\/uploads\/2020\/08\/Loading-Table-1024x576.jpg\" alt=\"\" width=\"798\" height=\"451\" srcset=\"https:\/\/glopak.co.za\/snapdeal\/wp-content\/uploads\/2020\/08\/Loading-Table-300x169.jpg 300w, https:\/\/glopak.co.za\/snapdeal\/wp-content\/uploads\/2020\/08\/Loading-Table-510x287.jpg 510w\" sizes=\"(max-width: 798px) 100vw, 798px\" \/><\/p>\n<h3>6) Inline Can Rinser<\/h3>\n<p><img loading=\"lazy\" decoding=\"async\" class=\"wp-image-2797 alignnone\" src=\"https:\/\/glopak.co.za\/snapdeal\/wp-content\/uploads\/2020\/08\/Inline-Can-Rinser-1024x599.jpg\" alt=\"\" width=\"797\" height=\"458\" \/><\/p>\n<h3>7) Nitrogen Doser<\/h3>\n<p><img loading=\"lazy\" decoding=\"async\" class=\" wp-image-2796 alignnone\" src=\"https:\/\/glopak.co.za\/snapdeal\/wp-content\/uploads\/2020\/08\/Nitrogen-Doser.png\" alt=\"\" width=\"372\" height=\"553\" \/><\/p>\n<p>Liquid Nitrogen Dosing Machine for bottling and canning application. It controls dosing volume accurately, no- -container -no-liquid dosing, small\u00a0size, easy installation and could coordinate with any filling production line. Control system comprises Siemens\u00a0PLC and touch screen, heat- insulated pipes which could ensure minimum consumption\u00a0of liquid nitrogen and no frosting under operation condition.<\/p>\n<p>NDW-300 production speed: 0-300 units\/min<\/p>\n<h3>8) Filling &amp; Sealing Machine (12-1)<\/h3>\n<ul>\n<li>Carbonated beverage can filling and sealing machine.<\/li>\n<li>Equal pressure filling principle and automatic can seaming function<\/li>\n<li>PLC Control and man-machine interface touch-screen siemens touch screen.<\/li>\n<li>With high precision automatic balanced pressure filling valve and long-life sealing wheels.<\/li>\n<li>No can no filling and no can no sealing feature.<\/li>\n<li>Production speed can be set on the touch screen according to requirements.<\/li>\n<li>All common malfunctions will send out alarms automatically.<\/li>\n<li>According to different malfunction levels, the PLC will automatically determine if the operation shall continue or the machine shall be stopped.<img loading=\"lazy\" decoding=\"async\" class=\"wp-image-2793 alignnone\" src=\"https:\/\/glopak.co.za\/snapdeal\/wp-content\/uploads\/2020\/08\/Filling-Sealing-Machine-3-1024x683.jpg\" alt=\"\" width=\"643\" height=\"429\" srcset=\"https:\/\/glopak.co.za\/snapdeal\/wp-content\/uploads\/2020\/08\/Filling-Sealing-Machine-3-1024x683.jpg 1024w, https:\/\/glopak.co.za\/snapdeal\/wp-content\/uploads\/2020\/08\/Filling-Sealing-Machine-3-300x200.jpg 300w, https:\/\/glopak.co.za\/snapdeal\/wp-content\/uploads\/2020\/08\/Filling-Sealing-Machine-3-768x512.jpg 768w, https:\/\/glopak.co.za\/snapdeal\/wp-content\/uploads\/2020\/08\/Filling-Sealing-Machine-3-510x340.jpg 510w, https:\/\/glopak.co.za\/snapdeal\/wp-content\/uploads\/2020\/08\/Filling-Sealing-Machine-3-1000x667.jpg 1000w, https:\/\/glopak.co.za\/snapdeal\/wp-content\/uploads\/2020\/08\/Filling-Sealing-Machine-3.jpg 1080w\" sizes=\"(max-width: 643px) 100vw, 643px\" \/><\/li>\n<\/ul>\n<ul>\n<li>Filling heads: 12pcs<\/li>\n<li>Sealing heads: 1pcs<\/li>\n<li>Capacity: 2000 cans per hour (330ml)<\/li>\n<li>Can diameter: \u042465 mm<\/li>\n<li>Can height: 120-160mm<\/li>\n<li>Power: 2.2kw<\/li>\n<li>Weight: 1500kgs<\/li>\n<li>Dimension1750mm\u00d71140mm\u00d71950mm (L\u00d7W\u00d7H)<\/li>\n<li>Filling pressure: 0.5Mpa<\/li>\n<li>Filling temperature: 0-4\u2103<\/li>\n<li>Remaining Oxygen Content: &lt;0.6mg\/L<\/li>\n<\/ul>\n<p><img loading=\"lazy\" decoding=\"async\" class=\" wp-image-2794 alignnone\" src=\"https:\/\/glopak.co.za\/snapdeal\/wp-content\/uploads\/2020\/08\/Filling-Sealing-Machine-1-1024x683.jpg\" alt=\"\" width=\"734\" height=\"489\" srcset=\"https:\/\/glopak.co.za\/snapdeal\/wp-content\/uploads\/2020\/08\/Filling-Sealing-Machine-1-1024x683.jpg 1024w, https:\/\/glopak.co.za\/snapdeal\/wp-content\/uploads\/2020\/08\/Filling-Sealing-Machine-1-300x200.jpg 300w, https:\/\/glopak.co.za\/snapdeal\/wp-content\/uploads\/2020\/08\/Filling-Sealing-Machine-1-768x512.jpg 768w, https:\/\/glopak.co.za\/snapdeal\/wp-content\/uploads\/2020\/08\/Filling-Sealing-Machine-1-510x340.jpg 510w, https:\/\/glopak.co.za\/snapdeal\/wp-content\/uploads\/2020\/08\/Filling-Sealing-Machine-1-1000x667.jpg 1000w, https:\/\/glopak.co.za\/snapdeal\/wp-content\/uploads\/2020\/08\/Filling-Sealing-Machine-1.jpg 1080w\" sizes=\"(max-width: 734px) 100vw, 734px\" \/><img loading=\"lazy\" decoding=\"async\" class=\"size-large wp-image-2795 alignnone\" src=\"https:\/\/glopak.co.za\/snapdeal\/wp-content\/uploads\/2020\/08\/Filling-Sealing-Machine-2-1024x683.jpg\" alt=\"\" width=\"1024\" height=\"683\" srcset=\"https:\/\/glopak.co.za\/snapdeal\/wp-content\/uploads\/2020\/08\/Filling-Sealing-Machine-2-1024x683.jpg 1024w, https:\/\/glopak.co.za\/snapdeal\/wp-content\/uploads\/2020\/08\/Filling-Sealing-Machine-2-300x200.jpg 300w, https:\/\/glopak.co.za\/snapdeal\/wp-content\/uploads\/2020\/08\/Filling-Sealing-Machine-2-768x512.jpg 768w, https:\/\/glopak.co.za\/snapdeal\/wp-content\/uploads\/2020\/08\/Filling-Sealing-Machine-2-510x340.jpg 510w, https:\/\/glopak.co.za\/snapdeal\/wp-content\/uploads\/2020\/08\/Filling-Sealing-Machine-2-1000x667.jpg 1000w, https:\/\/glopak.co.za\/snapdeal\/wp-content\/uploads\/2020\/08\/Filling-Sealing-Machine-2.jpg 1080w\" sizes=\"(max-width: 1024px) 100vw, 1024px\" \/><\/p>\n<h4><strong>Can Sealing (Seaming)<\/strong><\/h4>\n<p>The sealing roller, alloy hardening (HRC&gt; 62), the sealing curve is machined with an optical curve for accurate closing.<br \/>\nThe seaming head can be adjusted according to the can size.<br \/>\nTaiwan capping wheel and pressure head.<br \/>\nNo can no sealing control system to ensure the normal operation of the machine and reduce wastage.<\/p>\n<h4><strong>Process<\/strong><\/h4>\n<ul>\n<li>During filling, the empty cans pass through the star wheels and then is raised and sealed seal gasket under the filling valve.<\/li>\n<li>The turn block of the filling valve is opened to lease the beverage into the can.<\/li>\n<li>Air is filled into empty can to form equal pressure to start the filling process.<\/li>\n<li>When the liquid level in the can blocks the gas return pipe, the filling stops.<\/li>\n<li>The de-foaming valve will slowly discharge the air and pressure, the can supporting cylinder will lower the can.<\/li>\n<li>After it\u2019s discharged, the can is sent to the can seaming where the can end is placed on the can and then seamed.<\/li>\n<\/ul>\n<h3>9) Ink Jet Coding Machine<\/h3>\n<p><img loading=\"lazy\" decoding=\"async\" class=\"size-large wp-image-2792 alignnone\" src=\"https:\/\/glopak.co.za\/snapdeal\/wp-content\/uploads\/2020\/08\/Ink-Jet-Coding-Machine-1024x428.png\" alt=\"\" width=\"1024\" height=\"428\" srcset=\"https:\/\/glopak.co.za\/snapdeal\/wp-content\/uploads\/2020\/08\/Ink-Jet-Coding-Machine-1024x428.png 1024w, https:\/\/glopak.co.za\/snapdeal\/wp-content\/uploads\/2020\/08\/Ink-Jet-Coding-Machine-300x125.png 300w, https:\/\/glopak.co.za\/snapdeal\/wp-content\/uploads\/2020\/08\/Ink-Jet-Coding-Machine-768x321.png 768w, https:\/\/glopak.co.za\/snapdeal\/wp-content\/uploads\/2020\/08\/Ink-Jet-Coding-Machine-1080x451.png 1080w, https:\/\/glopak.co.za\/snapdeal\/wp-content\/uploads\/2020\/08\/Ink-Jet-Coding-Machine-510x213.png 510w, https:\/\/glopak.co.za\/snapdeal\/wp-content\/uploads\/2020\/08\/Ink-Jet-Coding-Machine-1000x418.png 1000w, https:\/\/glopak.co.za\/snapdeal\/wp-content\/uploads\/2020\/08\/Ink-Jet-Coding-Machine.png 1206w\" sizes=\"(max-width: 1024px) 100vw, 1024px\" \/><\/p>\n<ul>\n<li>7-inch colour touchscreen display<\/li>\n<li>Supports up to 2 print heads<\/li>\n<li>Independent controller separated from the print<\/li>\n<li>heads, suitable for various working environments<\/li>\n<li>Printing height up to 25.4mm (1.0\u2033)<img loading=\"lazy\" decoding=\"async\" class=\"size-full wp-image-2791 alignright\" src=\"https:\/\/glopak.co.za\/snapdeal\/wp-content\/uploads\/2020\/08\/Ink-Jet-Coding-Machine-cans.png\" alt=\"\" width=\"339\" height=\"340\" srcset=\"https:\/\/glopak.co.za\/snapdeal\/wp-content\/uploads\/2020\/08\/Ink-Jet-Coding-Machine-cans.png 339w, https:\/\/glopak.co.za\/snapdeal\/wp-content\/uploads\/2020\/08\/Ink-Jet-Coding-Machine-cans-300x300.png 300w, https:\/\/glopak.co.za\/snapdeal\/wp-content\/uploads\/2020\/08\/Ink-Jet-Coding-Machine-cans-150x150.png 150w, https:\/\/glopak.co.za\/snapdeal\/wp-content\/uploads\/2020\/08\/Ink-Jet-Coding-Machine-cans-100x100.png 100w\" sizes=\"(max-width: 339px) 100vw, 339px\" \/><\/li>\n<li>Low periodical maintenance<\/li>\n<li>Clean and trouble-free technology<\/li>\n<li>User-friendly interface<\/li>\n<li>Easy integration into any production environment<\/li>\n<li>Easy adjustment for down and side printing<\/li>\n<li>Printing on porous or non-porous surface<\/li>\n<li>Ability to backup settings, logos, and messages<\/li>\n<li>User level password protection<\/li>\n<li>Automatic recognition of inks (aqueous or solvent)<\/li>\n<li>and application of appropriate printing parameters<\/li>\n<li>Controller stores up to 500 messages internally<\/li>\n<li>Ethernet and USB connectivity<\/li>\n<li>PC software for message template design<\/li>\n<li>Printing speed up to 60m\/min (200ft\/min)<\/li>\n<li>Resolution up to 600 x 600 dpi<\/li>\n<\/ul>\n<h3>10) Electric Shrink Sleeve Tunnel<\/h3>\n<p><img loading=\"lazy\" decoding=\"async\" class=\"size-full wp-image-2790 alignnone\" src=\"https:\/\/glopak.co.za\/snapdeal\/wp-content\/uploads\/2020\/08\/Electric-Shrink-Sleeve-Tunnel.png\" alt=\"\" width=\"501\" height=\"361\" srcset=\"https:\/\/glopak.co.za\/snapdeal\/wp-content\/uploads\/2020\/08\/Electric-Shrink-Sleeve-Tunnel.png 501w, https:\/\/glopak.co.za\/snapdeal\/wp-content\/uploads\/2020\/08\/Electric-Shrink-Sleeve-Tunnel-300x216.png 300w\" sizes=\"(max-width: 501px) 100vw, 501px\" \/><\/p>\n<p><strong>MACHINE FEATURES<\/strong><br \/>\n<strong>Frame: <\/strong>Heavy duty mild steel<br \/>\n<strong>Finish: <\/strong>Powder coated (Goose grey and red structure)<\/p>\n<p><strong>Heat Chamber Dimension<\/strong><br \/>\n<strong>Length: <\/strong>2000mm<br \/>\n<strong>Width: <\/strong>200mm<br \/>\n<strong>Height: <\/strong>300mm<\/p>\n<p><strong>PLC: <\/strong>Delta DVP 14<br \/>\n<strong>VSD: <\/strong>Yaskawa<\/p>\n<p><strong>Conveyor: <\/strong>High Heat Modular<br \/>\n<strong>Switch Gear: <\/strong>Lovaio<br \/>\n<strong>MCB: <\/strong>Hager<br \/>\n<strong>Heating Capacity: <\/strong>12 Kw<br \/>\n<strong>Geared Motors: <\/strong>Motovario Italy<\/p>\n<p><strong>Electrical Requirements: <\/strong><br \/>\n38OVolts 3 phase neutral earth. (25 amps per phase)<strong>\u00a0\u00a0<\/strong><br \/>\n<strong>Speed<\/strong>: Up to 100pc\/min<\/p>\n<h3>11) Exit out feed table<\/h3>\n<p>Material: SS304<br \/>\nSize:1M length *0.6M width<\/p>\n<p><img loading=\"lazy\" decoding=\"async\" class=\"size-full wp-image-2789 alignnone\" src=\"https:\/\/glopak.co.za\/snapdeal\/wp-content\/uploads\/2020\/08\/Exit-out-feed-table.jpg\" alt=\"\" width=\"663\" height=\"419\" srcset=\"https:\/\/glopak.co.za\/snapdeal\/wp-content\/uploads\/2020\/08\/Exit-out-feed-table.jpg 663w, https:\/\/glopak.co.za\/snapdeal\/wp-content\/uploads\/2020\/08\/Exit-out-feed-table-300x190.jpg 300w, https:\/\/glopak.co.za\/snapdeal\/wp-content\/uploads\/2020\/08\/Exit-out-feed-table-510x322.jpg 510w\" sizes=\"(max-width: 663px) 100vw, 663px\" \/><\/p>\n<h3>12) Shrink Wrapper (semi automatic)<\/h3>\n<p><img loading=\"lazy\" decoding=\"async\" class=\"wp-image-2788 alignright\" src=\"https:\/\/glopak.co.za\/snapdeal\/wp-content\/uploads\/2020\/08\/Shrink-Wrapper-semi-automatic.png\" alt=\"\" width=\"368\" height=\"259\" \/>Capacity: 2-5Bags\/min<br \/>\nSealing time: 0.5-1.5s 0-0.5s<br \/>\nShrink film :PE \/PET\/POF film<br \/>\nPower supply\u00a0 :1.8kw<br \/>\nHeating power:28kw(adjustable)<br \/>\nConveyor loading: 25kgs<br \/>\nConveyor speed:10m\/minute<br \/>\nFilm thickness: 0.04-0.12mm<br \/>\nMax. Packing dimension: L *W *H\u00a0 450*270*350MM<br \/>\nMin Packing dimension: L*W*H 250*60*60MM<br \/>\nMachine head dimension: 1020*830*1980mm<br \/>\nShrink tunnel dimension:1200*500*380mm<br \/>\nMachine dimension:2200*780*1470mm<br \/>\nMachine weight :450KG<\/p>\n<p>&nbsp;<\/p>\n<h3>13) Conveyor<\/h3>\n<ul>\n<li>Buffer time 3~4 minute<\/li>\n<li>304 stainless steel frame<\/li>\n<li>PLC control, automatic conveying speed adjustable<img loading=\"lazy\" decoding=\"async\" class=\"aligncenter size-large wp-image-2787\" src=\"https:\/\/glopak.co.za\/snapdeal\/wp-content\/uploads\/2020\/08\/conveyor-1024x556.jpg\" alt=\"\" width=\"1024\" height=\"556\" srcset=\"https:\/\/glopak.co.za\/snapdeal\/wp-content\/uploads\/2020\/08\/conveyor-1024x556.jpg 1024w, https:\/\/glopak.co.za\/snapdeal\/wp-content\/uploads\/2020\/08\/conveyor-300x163.jpg 300w, https:\/\/glopak.co.za\/snapdeal\/wp-content\/uploads\/2020\/08\/conveyor-768x417.jpg 768w, https:\/\/glopak.co.za\/snapdeal\/wp-content\/uploads\/2020\/08\/conveyor-510x277.jpg 510w, https:\/\/glopak.co.za\/snapdeal\/wp-content\/uploads\/2020\/08\/conveyor-1000x543.jpg 1000w, https:\/\/glopak.co.za\/snapdeal\/wp-content\/uploads\/2020\/08\/conveyor.jpg 1067w\" sizes=\"(max-width: 1024px) 100vw, 1024px\" \/><\/li>\n<\/ul>\n","protected":false},"excerpt":{"rendered":"<p>2000CPH Carbonated Beverage Canning Line: &nbsp; 2000 CPH &#8211; CSD beverage canning line \/ based on a 330ml can &nbsp; Section A \u2013 Liquid Processing, Carbonation, Chilling, CIP (Clean in place) Carbonated beverage mixing machine 4T Water chiller 30HP CIP cleaning system (Steam type) 500L CIP back pump 3T\/h Steam boiler \u2013 Diesel type 100kg\/h [&hellip;]<\/p>\n","protected":false},"featured_media":2786,"template":"","meta":[],"product_brand":[],"product_cat":[173,185,184],"product_tag":[265,377,380,378,379],"class_list":{"0":"post-2785","1":"product","2":"type-product","3":"status-publish","4":"has-post-thumbnail","6":"product_cat-carbonated-beverage-equipment","7":"product_cat-carbonated-soft-drink-equipment","8":"product_cat-carbonated-soft-drink-machines","9":"product_tag-beverage-canning-machine","10":"product_tag-carbonated-beverage-canning-machines","11":"product_tag-metal-can-filling-machines","12":"product_tag-soda-beverage-canning-line","13":"product_tag-sparkling-beverage-canning-machines","15":"first","16":"instock","17":"shipping-taxable","18":"product-type-simple"},"_links":{"self":[{"href":"https:\/\/glopak.co.za\/snapdeal\/wp-json\/wp\/v2\/product\/2785","targetHints":{"allow":["GET"]}}],"collection":[{"href":"https:\/\/glopak.co.za\/snapdeal\/wp-json\/wp\/v2\/product"}],"about":[{"href":"https:\/\/glopak.co.za\/snapdeal\/wp-json\/wp\/v2\/types\/product"}],"wp:featuredmedia":[{"embeddable":true,"href":"https:\/\/glopak.co.za\/snapdeal\/wp-json\/wp\/v2\/media\/2786"}],"wp:attachment":[{"href":"https:\/\/glopak.co.za\/snapdeal\/wp-json\/wp\/v2\/media?parent=2785"}],"wp:term":[{"taxonomy":"product_brand","embeddable":true,"href":"https:\/\/glopak.co.za\/snapdeal\/wp-json\/wp\/v2\/product_brand?post=2785"},{"taxonomy":"product_cat","embeddable":true,"href":"https:\/\/glopak.co.za\/snapdeal\/wp-json\/wp\/v2\/product_cat?post=2785"},{"taxonomy":"product_tag","embeddable":true,"href":"https:\/\/glopak.co.za\/snapdeal\/wp-json\/wp\/v2\/product_tag?post=2785"}],"curies":[{"name":"wp","href":"https:\/\/api.w.org\/{rel}","templated":true}]}}